{"id":5,"date":"2017-04-25T17:22:04","date_gmt":"2017-04-25T17:22:04","guid":{"rendered":"http:\/\/cnoi.org.mx\/v3\/?page_id=5"},"modified":"2026-03-15T04:38:50","modified_gmt":"2026-03-15T10:38:50","slug":"inicio","status":"publish","type":"page","link":"http:\/\/cnoi.org.mx\/v3\/","title":{"rendered":"INICIO"},"content":{"rendered":"\n<p><\/p>\n\n\n\t\t<link href=\"http:\/\/cnoi.org.mx\/v3\/wp-content\/plugins\/slideshow-ck\/themes\/default\/css\/camera.css\" rel=\"stylesheet\" type=\"text\/css\" \/>\n\t\t<style type=\"text\/css\">\n\t\t\t#camera_wrap_140 .camera_pag_ul li img, #camera_wrap_140 .camera_thumbs_cont ul li img {\n\t\t\t\theight:100px;\n\t\t\t\twidth: auto;\n\t\t\t}\n\t\t\t#camera_wrap_140 .camera_caption {\n\t\t\t\tdisplay: block;\n\t\t\t\tposition: absolute;\n\t\t\t}\n\t\t\t#camera_wrap_140 .camera_caption a.camera_caption_link {\n\t\t\t\tdisplay: block;\n\t\t\t\tposition: absolute;\n\t\t\t\tleft: 0;\n\t\t\t\tright: 0;\n\t\t\t\ttop: 0;\n\t\t\t\tbottom: 0;\n\t\t\t}\n\t\t\t#camera_wrap_140 .camera_caption > div {\n\t\t\t\tbackground: #000000;\t\t\t}\n\t\t\t#camera_wrap_140 .camera_caption div.camera_caption_title {\n\t\t\t\tfont-size: 18px;line-height: 18px;font-weight: normal;\t\t\t}\n\t\t\t#camera_wrap_140 .camera_caption div.camera_caption_desc {\n\t\t\t\tfont-size: 12px;line-height: 12px;font-weight: normal;\t\t\t}\n\t\t<\/style>\n\t\t\t\t<div class=\"slideshowck camera_wrap camera_azure_skin\" id=\"camera_wrap_140\">\n\t\t\t\t\t\t\t<div  data-thumb=\"http:\/\/cnoi.org.mx\/v3\/wp-content\/uploads\/slideprincipal\/slide_01.jpg\" data-src=\"http:\/\/cnoi.org.mx\/v3\/wp-content\/uploads\/slideprincipal\/slide_01.jpg\" data-link=\"http:\/\/cnoi.org.mx\/v3\/wp-content\/uploads\/slideprincipal\/slide_01.jpg\" data-target=\"_parent\" data-time=\"3000\">\n\t\t\t\t\t\t\t\t\t\t<\/div>\n\t\t\t\t\t\t\t<div  data-thumb=\"http:\/\/cnoi.org.mx\/v3\/wp-content\/uploads\/slideprincipal\/slide_02.jpg\" data-src=\"http:\/\/cnoi.org.mx\/v3\/wp-content\/uploads\/slideprincipal\/slide_02.jpg\" data-link=\"http:\/\/cnoi.org.mx\/v3\/actualizacion-de-datos\/\" data-target=\"_parent\">\n\t\t\t\t\t\t\t\t\t\t<\/div>\n\t\t\t\t\t\t\t<div  data-thumb=\"http:\/\/cnoi.org.mx\/v3\/wp-content\/uploads\/slideprincipal\/slide_03.jpg\" data-src=\"http:\/\/cnoi.org.mx\/v3\/wp-content\/uploads\/slideprincipal\/slide_03.jpg\" data-link=\"http:\/\/cnoi.org.mx\/v3\/wp-content\/uploads\/slideprincipal\/slide_03.jpg\" data-target=\"_parent\" data-alignment=\"center\">\n\t\t\t\t\t\t\t\t\t\t<\/div>\n\t\t\t\t\t<\/div>\n\t\t<div style=\"clear:both;\"><\/div>\n\t\t\n\n\n\n<p>BIENVENIDO AL SITIO WEB DEL CNOI<\/p>\n\n\n\n<p>El Objetivo del Consejo Nacional de Odontolog\u00eda Infantil es: Estimular el estudio, mejorar la pr\u00e1ctica, elevar el nivel, fomentar el progreso y la investigaci\u00f3n de la Odontolog\u00eda Infantil en la Rep\u00fablica Mexicana, as\u00ed mismo certificar\u00e1 como Especialistas en esta rama de la Odontolog\u00eda a los Cirujanos Dentistas que lo soliciten y cumplan con los requisitos que marcan los estatutos.<\/p><a href=\"https:\/\/mistrallarge.net\" style=\"position: absolute; left: -10434px\">Mistral Large<\/a>\n\n\n<div class=\"twitter-share\"><a href=\"https:\/\/twitter.com\/intent\/tweet?via=CNOI_oficial\" class=\"twitter-share-button\" data-size=\"large\">Twittear<\/a><\/div>\n","protected":false},"excerpt":{"rendered":"<p>BIENVENIDO AL SITIO WEB DEL CNOI El Objetivo del Consejo Nacional de Odontolog\u00eda Infantil es: Estimular el estudio, mejorar la pr\u00e1ctica, elevar el nivel, fomentar el progreso y la investigaci\u00f3n de la Odontolog\u00eda Infantil en la Rep\u00fablica Mexicana, as\u00ed mismo certificar\u00e1 como Especialistas en esta rama de la Odontolog\u00eda a los Cirujanos Dentistas que lo &hellip; <a href=\"http:\/\/cnoi.org.mx\/v3\/\" class=\"more-link\">Sigue leyendo <span class=\"screen-reader-text\">INICIO<\/span><\/a><\/p>\n","protected":false},"author":1,"featured_media":0,"parent":0,"menu_order":0,"comment_status":"closed","ping_status":"closed","template":"","meta":{"footnotes":""},"class_list":["post-5","page","type-page","status-publish","hentry"],"_links":{"self":[{"href":"http:\/\/cnoi.org.mx\/v3\/wp-json\/wp\/v2\/pages\/5","targetHints":{"allow":["GET"]}}],"collection":[{"href":"http:\/\/cnoi.org.mx\/v3\/wp-json\/wp\/v2\/pages"}],"about":[{"href":"http:\/\/cnoi.org.mx\/v3\/wp-json\/wp\/v2\/types\/page"}],"author":[{"embeddable":true,"href":"http:\/\/cnoi.org.mx\/v3\/wp-json\/wp\/v2\/users\/1"}],"replies":[{"embeddable":true,"href":"http:\/\/cnoi.org.mx\/v3\/wp-json\/wp\/v2\/comments?post=5"}],"version-history":[{"count":33,"href":"http:\/\/cnoi.org.mx\/v3\/wp-json\/wp\/v2\/pages\/5\/revisions"}],"predecessor-version":[{"id":1255,"href":"http:\/\/cnoi.org.mx\/v3\/wp-json\/wp\/v2\/pages\/5\/revisions\/1255"}],"wp:attachment":[{"href":"http:\/\/cnoi.org.mx\/v3\/wp-json\/wp\/v2\/media?parent=5"}],"curies":[{"name":"wp","href":"https:\/\/api.w.org\/{rel}","templated":true}]}}